{"id":6416,"date":"2024-07-30T12:32:27","date_gmt":"2024-07-30T12:32:27","guid":{"rendered":"https:\/\/materieunite.it\/additional-services\/"},"modified":"2024-10-21T15:38:33","modified_gmt":"2024-10-21T15:38:33","slug":"additional-services","status":"publish","type":"page","link":"https:\/\/materieunite.it\/en\/additional-services\/","title":{"rendered":"Servizi Aggiuntivi"},"content":{"rendered":"\n<h2 class=\"wp-block-heading has-text-align-center\">Cosa possiamo fare per te.<\/h2>\n\n\n\n<div class=\"wp-block-columns menu-progettazione is-layout-flex wp-container-core-columns-is-layout-9d6595d7 wp-block-columns-is-layout-flex\">\n<div class=\"wp-block-column is-layout-flow wp-block-column-is-layout-flow\">\n<p class=\"has-text-align-center\"><a href=\"#stand-fieristici\">Modulistica fiere<\/a><\/p>\n<\/div>\n\n\n\n<div class=\"wp-block-column is-layout-flow wp-block-column-is-layout-flow\">\n<p class=\"has-text-align-center\"><a href=\"#direzione-lavori\">Direzione lavori<\/a><\/p>\n<\/div>\n\n\n\n<div class=\"wp-block-column is-layout-flow wp-block-column-is-layout-flow\">\n<p class=\"has-text-align-center\"><a href=\"#stoccaggio\">Stoccaggio<\/a><\/p>\n<\/div>\n<\/div>\n\n\n\n<section class=\"wp-block-group block-progettazione\"><div class=\"wp-block-group__inner-container is-layout-constrained wp-block-group-is-layout-constrained\">\n<div class=\"wp-block-columns is-layout-flex wp-container-core-columns-is-layout-9d6595d7 wp-block-columns-is-layout-flex\" id=\"stand-fieristici\">\n<div class=\"wp-block-column is-layout-flow wp-block-column-is-layout-flow\" style=\"flex-basis:50%\">\n<div class=\"wp-block-group is-nowrap is-layout-flex wp-container-core-group-is-layout-ad2f72ca wp-block-group-is-layout-flex\">\n<figure class=\"wp-block-image size-full\"><img loading=\"lazy\" decoding=\"async\" width=\"641\" height=\"641\" src=\"https:\/\/materieunite.it\/wp-content\/uploads\/2024\/10\/color_08_progettazione-esecutiva-3.png\" alt=\"\" class=\"wp-image-6697\" srcset=\"https:\/\/materieunite.it\/wp-content\/uploads\/2024\/10\/color_08_progettazione-esecutiva-3.png 641w, https:\/\/materieunite.it\/wp-content\/uploads\/2024\/10\/color_08_progettazione-esecutiva-3-300x300.png 300w, https:\/\/materieunite.it\/wp-content\/uploads\/2024\/10\/color_08_progettazione-esecutiva-3-150x150.png 150w\" sizes=\"auto, 100vw\" \/><\/figure>\n<\/div>\n<\/div>\n\n\n\n<div class=\"wp-block-column is-vertically-aligned-top is-layout-flow wp-block-column-is-layout-flow\" style=\"flex-basis:50%\">\n<h2 class=\"wp-block-heading\" id=\"modulistica-fiere\">Modulistica fiere<\/h2>\n\n\n\n<p>Navigare attraverso le complessit\u00e0 della burocrazia legata alle fiere ed eventi pu\u00f2 essere una sfida. Materieunite risolve questa problematica offrendo <strong>servizi di supporto completi per tutta la modulistica,<\/strong> garantendo che ogni dettaglio, dalla certificazione dei materiali fino all&#8217;approvazione del progetto, venga gestito con precisione e professionalit\u00e0. Questo servizio abbraccia ogni aspettodella partecipazione all&#8217;evento, inclusi:<\/p>\n\n\n\n<ul class=\"wp-block-list\">\n<li><strong>Certificazioni dei materiali<\/strong>: assicuriamo che tutti i materiali impiegati negli allestimenti siano conformi ai requisiti espositivi e ambientali.<\/li>\n\n\n\n<li><strong>Impianti elettrici e approvazioni<\/strong>: gestiamo l&#8217;allaccio, la documentazione e l&#8217;approvazione degli impianti elettrici, in piena sicurezza.<\/li>\n\n\n\n<li><strong>Pass per allestitori e mezzi<\/strong>: semplifichiamo la logistica procurando tempestivamente pass per allestitori e mezzi di trasporto, garantendo un&#8217;efficace organizzazione dell&#8217;ingresso, della permanenza, del montggio e smontaggio in fiera.<\/li>\n\n\n\n<li><strong>Prenotazioni per il carico e scarico<\/strong>: forniamo assistenza nella prenotazione degli slot per muletti e servizi accessori, assicurando che ogni fase di montaggio e smontaggio proceda senza intoppi.<\/li>\n\n\n\n<li><strong>Servizi accessori in fiera<\/strong>: ci occupiamo delle necessit\u00e0 aggiuntive, come l&#8217;allaccio al quadro elettrico e la prenotazione di appendimenti per stand o altro materiale specifico richiesto per l&#8217;evento.<\/li>\n<\/ul>\n\n\n\n<p>La nostra offerta include anche vantaggi come <strong>supporto amministrativo nel periodo di early bird,<\/strong> con le tariffe vantaggiose per prenotazioni anticipate. Affrontiamo ogni fase del montaggio e dello smontaggio con cura e professionalit\u00e0.<\/p>\n\n\n\n<p>Il nostro supporto per tutta la modulistica per fiere ed eventi vuole essere una rassicurazione di tranquillit\u00e0 per i nostri clienti, garantendo che ogni dettaglio venga curato per contribuire al successo della loro partecipazione all&#8217;evento.<\/p>\n<\/div>\n<\/div>\n\n\n\n<div class=\"wp-block-columns is-layout-flex wp-container-core-columns-is-layout-9d6595d7 wp-block-columns-is-layout-flex\" id=\"eventi-e-mostre\">\n<div class=\"wp-block-column is-vertically-aligned-top is-layout-flow wp-block-column-is-layout-flow\" style=\"flex-basis:50%\">\n<h2 class=\"wp-block-heading\" id=\"direzione-lavori\">Direzione lavori<\/h2>\n\n\n\n<p>In materieunite ci dedichiamo alla creazione di arredi e <strong>soluzioni espositive sostenibili<\/strong> per eventi fieristici, exhibit e retail, valorizzando il design innovativo attraverso la progettazione parametrica e minimizzando l&#8217;impatto ambientale. Il nostro approccio verso le esigenze del cliente \u00e8 a 360 gradi, accompagnando <strong>l\u2019intero processo per gli allestimenti di stand e spazi espositivi<\/strong> da una progettazione accurata fino alla realizzazione, smontaggio e stoccaggio a fine evento.<\/p>\n\n\n\n<p>In ambito di servizi di supporto per l\u2019allestimento di stand in fiera, materieunite offre la possibilit\u00e0 di integrare ai team interni <strong>un nostro progettista esperto nella direzione lavori.<\/strong> Ci\u00f2 assicura che ogni dettaglio dell&#8217;allestimento rispetti gli elevati criteri di qualit\u00e0 e funzionalit\u00e0 che ci caratterizzano, garantendo un risultato finale di <strong>qualit\u00e0, efficienza e massima sicurezza.<\/strong><\/p>\n\n\n\n<p>Il nostro servizio di <strong>supporto alla direzione lavori<\/strong> fa parte di una pi\u00f9 ampia gamma di servizi aggiuntivi, pensati per <strong>semplificare il complesso universo degli allestimenti per fiere ed eventi. <\/strong>Offrendo supporto completo, dalla gestione documentale alla cura del fine ciclo con pratiche di stoccaggio, riuso e riciclo, fino alle certificazioni necessarie e l&#8217;adeguamento a esigenze specifiche, ci proponiamo come partner ideale per ogni esigenza espositiva.<\/p>\n<\/div>\n\n\n\n<div class=\"wp-block-column is-layout-flow wp-block-column-is-layout-flow\" style=\"flex-basis:50%\">\n<div class=\"wp-block-group is-nowrap is-layout-flex wp-container-core-group-is-layout-ad2f72ca wp-block-group-is-layout-flex\">\n<figure class=\"wp-block-image size-full\"><img loading=\"lazy\" decoding=\"async\" width=\"640\" height=\"641\" src=\"https:\/\/materieunite.it\/wp-content\/uploads\/2024\/10\/color_04_stand-fieristici-2.png\" alt=\"\" class=\"wp-image-6700\" srcset=\"https:\/\/materieunite.it\/wp-content\/uploads\/2024\/10\/color_04_stand-fieristici-2.png 640w, https:\/\/materieunite.it\/wp-content\/uploads\/2024\/10\/color_04_stand-fieristici-2-300x300.png 300w, https:\/\/materieunite.it\/wp-content\/uploads\/2024\/10\/color_04_stand-fieristici-2-150x150.png 150w\" sizes=\"auto, 100vw\" \/><\/figure>\n<\/div>\n<\/div>\n<\/div>\n\n\n\n<div class=\"wp-block-columns is-layout-flex wp-container-core-columns-is-layout-9d6595d7 wp-block-columns-is-layout-flex\" id=\"retail-e-negozi\">\n<div class=\"wp-block-column is-layout-flow wp-block-column-is-layout-flow\" style=\"flex-basis:50%\">\n<figure class=\"wp-block-image size-full\"><img loading=\"lazy\" decoding=\"async\" width=\"640\" height=\"640\" src=\"https:\/\/materieunite.it\/wp-content\/uploads\/2024\/10\/color_03_gestione-modulistica-1.png\" alt=\"\" class=\"wp-image-6694\" srcset=\"https:\/\/materieunite.it\/wp-content\/uploads\/2024\/10\/color_03_gestione-modulistica-1.png 640w, https:\/\/materieunite.it\/wp-content\/uploads\/2024\/10\/color_03_gestione-modulistica-1-300x300.png 300w, https:\/\/materieunite.it\/wp-content\/uploads\/2024\/10\/color_03_gestione-modulistica-1-150x150.png 150w\" sizes=\"auto, 100vw\" \/><\/figure>\n<\/div>\n\n\n\n<div class=\"wp-block-column is-vertically-aligned-top is-layout-flow wp-block-column-is-layout-flow\" style=\"flex-basis:50%\">\n<h2 class=\"wp-block-heading\" id=\"stoccaggio\">Stoccaggio<\/h2>\n\n\n\n<p>Al termine di ogni evento fieristico o espositivo, ci troviamo di fronte alla <strong>gestione del fine ciclo vita dei materiali utilizzati. <\/strong>Materieunite pone un accento particolare sulla sostenibilit\u00e0 e l&#8217;efficienza, offrendo soluzioni che abbracciano il riciclo o il <strong>completo riutilizzo degli allestimenti.<\/strong> Qualora la scelta ricada sul riuso, la nostra azienda propone un&#8217;esclusiva <strong>opzione di stoccaggio per allestimenti,<\/strong> che permette ai nostri clienti di conservare e reimpegnare il proprio materiale in future occasioni.<\/p>\n\n\n\n<p>Il servizio di <strong>stoccaggio, specificamente pensato per stand, arredi, e soluzioni espositive,<\/strong> si colloca all&#8217;interno di una strategia pi\u00f9 ampia volta a massimizzare l&#8217;efficacia e la longevit\u00e0 degli investimenti nei materiali fieristici. Sfruttando i nostri spazi dedicati, e la nostra esperinza nel settore, garantiamo la <strong>custodia sicura dei vostri allestimenti <\/strong>e la possibilit\u00e0 di riutilizzarli.&nbsp;<\/p>\n\n\n\n<p>Con materieunite, l&#8217;opzione di riuso degli allestimenti diventa un asset per chi punta alla sostenibilit\u00e0 ambientale. Affidare i propri materiali a uno <strong>stoccaggio efficiente ed ecosostenibile <\/strong>significa ottimizzare tempi, costi e risorse, assicurandosi al contempo che ogni aspetto legato alla conservazione e al riutilizzo sia gestito con la massima cura e professionalit\u00e0.<\/p>\n\n\n\n<p class=\"button button--secondary\"><a href=\"https:\/\/sbdemo.dev\/materieunite\/richiedi-preventivo\/\">Richiedi preventivo<\/a><\/p>\n<\/div>\n<\/div>\n<\/div><\/section>\n","protected":false},"excerpt":{"rendered":"<p>Cosa possiamo fare per te. Modulistica fiere Direzione lavori Stoccaggio Modulistica fiere Navigare attraverso le complessit\u00e0 della burocrazia legata alle fiere ed eventi pu\u00f2 essere una sfida. Materieunite risolve questa problematica offrendo servizi di supporto completi per tutta la modulistica, garantendo che ogni dettaglio, dalla certificazione dei materiali fino all&#8217;approvazione del progetto, venga gestito con [&hellip;]<\/p>\n","protected":false},"author":10,"featured_media":5372,"parent":0,"menu_order":0,"comment_status":"closed","ping_status":"closed","template":"page-servizi.php","meta":{"footnotes":""},"class_list":["post-6416","page","type-page","status-publish","has-post-thumbnail","hentry"],"yoast_head":"<!-- This site is optimized with the Yoast SEO plugin v20.11 - https:\/\/yoast.com\/wordpress\/plugins\/seo\/ -->\n<title>Servizi Aggiuntivi &bull; materieunite<\/title>\n<meta name=\"robots\" content=\"index, follow, max-snippet:-1, max-image-preview:large, max-video-preview:-1\" \/>\n<link rel=\"canonical\" href=\"https:\/\/materieunite.it\/en\/additional-services\/\" \/>\n<meta property=\"og:locale\" content=\"en_US\" \/>\n<meta property=\"og:type\" content=\"article\" \/>\n<meta property=\"og:title\" content=\"Servizi Aggiuntivi &bull; materieunite\" \/>\n<meta property=\"og:description\" content=\"Cosa possiamo fare per te. Modulistica fiere Direzione lavori Stoccaggio Modulistica fiere Navigare attraverso le complessit\u00e0 della burocrazia legata alle fiere ed eventi pu\u00f2 essere una sfida. Materieunite risolve questa problematica offrendo servizi di supporto completi per tutta la modulistica, garantendo che ogni dettaglio, dalla certificazione dei materiali fino all&#8217;approvazione del progetto, venga gestito con [&hellip;]\" \/>\n<meta property=\"og:url\" content=\"https:\/\/materieunite.it\/en\/additional-services\/\" \/>\n<meta property=\"og:site_name\" content=\"materieunite\" \/>\n<meta property=\"article:publisher\" content=\"https:\/\/www.facebook.com\/materieunite\" \/>\n<meta property=\"article:modified_time\" content=\"2024-10-21T15:38:33+00:00\" \/>\n<meta property=\"og:image\" content=\"https:\/\/materieunite.it\/wp-content\/uploads\/2023\/11\/materieunite-Biodiversity-Scape-2-edited-scaled_darken.jpeg\" \/>\n\t<meta property=\"og:image:width\" content=\"2560\" \/>\n\t<meta property=\"og:image:height\" content=\"1440\" \/>\n\t<meta property=\"og:image:type\" content=\"image\/jpeg\" \/>\n<meta name=\"twitter:card\" content=\"summary_large_image\" \/>\n<meta name=\"twitter:label1\" content=\"Est. reading time\" \/>\n\t<meta name=\"twitter:data1\" content=\"4 minutes\" \/>\n<script type=\"application\/ld+json\" class=\"yoast-schema-graph\">{\"@context\":\"https:\/\/schema.org\",\"@graph\":[{\"@type\":\"WebPage\",\"@id\":\"https:\/\/materieunite.it\/en\/additional-services\/\",\"url\":\"https:\/\/materieunite.it\/en\/additional-services\/\",\"name\":\"Servizi Aggiuntivi &bull; materieunite\",\"isPartOf\":{\"@id\":\"https:\/\/materieunite.it\/#website\"},\"datePublished\":\"2024-07-30T12:32:27+00:00\",\"dateModified\":\"2024-10-21T15:38:33+00:00\",\"breadcrumb\":{\"@id\":\"https:\/\/materieunite.it\/en\/additional-services\/#breadcrumb\"},\"inLanguage\":\"en-US\",\"potentialAction\":[{\"@type\":\"ReadAction\",\"target\":[\"https:\/\/materieunite.it\/en\/additional-services\/\"]}]},{\"@type\":\"BreadcrumbList\",\"@id\":\"https:\/\/materieunite.it\/en\/additional-services\/#breadcrumb\",\"itemListElement\":[{\"@type\":\"ListItem\",\"position\":1,\"name\":\"Home\",\"item\":\"https:\/\/materieunite.it\/\"},{\"@type\":\"ListItem\",\"position\":2,\"name\":\"Servizi Aggiuntivi\"}]},{\"@type\":\"WebSite\",\"@id\":\"https:\/\/materieunite.it\/#website\",\"url\":\"https:\/\/materieunite.it\/\",\"name\":\"materieunite\",\"description\":\"\",\"publisher\":{\"@id\":\"https:\/\/materieunite.it\/#organization\"},\"alternateName\":\"materieunite\",\"potentialAction\":[{\"@type\":\"SearchAction\",\"target\":{\"@type\":\"EntryPoint\",\"urlTemplate\":\"https:\/\/materieunite.it\/?s={search_term_string}\"},\"query-input\":\"required name=search_term_string\"}],\"inLanguage\":\"en-US\"},{\"@type\":\"Organization\",\"@id\":\"https:\/\/materieunite.it\/#organization\",\"name\":\"materieunite\",\"url\":\"https:\/\/materieunite.it\/\",\"logo\":{\"@type\":\"ImageObject\",\"inLanguage\":\"en-US\",\"@id\":\"https:\/\/materieunite.it\/#\/schema\/logo\/image\/\",\"url\":\"https:\/\/materieunite.it\/wp-content\/uploads\/2022\/11\/IG_bancone1-edited-scaled.jpg\",\"contentUrl\":\"https:\/\/materieunite.it\/wp-content\/uploads\/2022\/11\/IG_bancone1-edited-scaled.jpg\",\"width\":2560,\"height\":1440,\"caption\":\"materieunite\"},\"image\":{\"@id\":\"https:\/\/materieunite.it\/#\/schema\/logo\/image\/\"},\"sameAs\":[\"https:\/\/www.facebook.com\/materieunite\",\"https:\/\/www.instagram.com\/materie.unite\/\",\"https:\/\/www.linkedin.com\/company\/materieunite\/\",\"https:\/\/www.pinterest.it\/materieunite\/\"]}]}<\/script>\n<!-- \/ Yoast SEO plugin. -->","yoast_head_json":{"title":"Servizi Aggiuntivi &bull; materieunite","robots":{"index":"index","follow":"follow","max-snippet":"max-snippet:-1","max-image-preview":"max-image-preview:large","max-video-preview":"max-video-preview:-1"},"canonical":"https:\/\/materieunite.it\/en\/additional-services\/","og_locale":"en_US","og_type":"article","og_title":"Servizi Aggiuntivi &bull; materieunite","og_description":"Cosa possiamo fare per te. Modulistica fiere Direzione lavori Stoccaggio Modulistica fiere Navigare attraverso le complessit\u00e0 della burocrazia legata alle fiere ed eventi pu\u00f2 essere una sfida. Materieunite risolve questa problematica offrendo servizi di supporto completi per tutta la modulistica, garantendo che ogni dettaglio, dalla certificazione dei materiali fino all&#8217;approvazione del progetto, venga gestito con [&hellip;]","og_url":"https:\/\/materieunite.it\/en\/additional-services\/","og_site_name":"materieunite","article_publisher":"https:\/\/www.facebook.com\/materieunite","article_modified_time":"2024-10-21T15:38:33+00:00","og_image":[{"width":2560,"height":1440,"url":"https:\/\/materieunite.it\/wp-content\/uploads\/2023\/11\/materieunite-Biodiversity-Scape-2-edited-scaled_darken.jpeg","type":"image\/jpeg"}],"twitter_card":"summary_large_image","twitter_misc":{"Est. reading time":"4 minutes"},"schema":{"@context":"https:\/\/schema.org","@graph":[{"@type":"WebPage","@id":"https:\/\/materieunite.it\/en\/additional-services\/","url":"https:\/\/materieunite.it\/en\/additional-services\/","name":"Servizi Aggiuntivi &bull; materieunite","isPartOf":{"@id":"https:\/\/materieunite.it\/#website"},"datePublished":"2024-07-30T12:32:27+00:00","dateModified":"2024-10-21T15:38:33+00:00","breadcrumb":{"@id":"https:\/\/materieunite.it\/en\/additional-services\/#breadcrumb"},"inLanguage":"en-US","potentialAction":[{"@type":"ReadAction","target":["https:\/\/materieunite.it\/en\/additional-services\/"]}]},{"@type":"BreadcrumbList","@id":"https:\/\/materieunite.it\/en\/additional-services\/#breadcrumb","itemListElement":[{"@type":"ListItem","position":1,"name":"Home","item":"https:\/\/materieunite.it\/"},{"@type":"ListItem","position":2,"name":"Servizi Aggiuntivi"}]},{"@type":"WebSite","@id":"https:\/\/materieunite.it\/#website","url":"https:\/\/materieunite.it\/","name":"materieunite","description":"","publisher":{"@id":"https:\/\/materieunite.it\/#organization"},"alternateName":"materieunite","potentialAction":[{"@type":"SearchAction","target":{"@type":"EntryPoint","urlTemplate":"https:\/\/materieunite.it\/?s={search_term_string}"},"query-input":"required name=search_term_string"}],"inLanguage":"en-US"},{"@type":"Organization","@id":"https:\/\/materieunite.it\/#organization","name":"materieunite","url":"https:\/\/materieunite.it\/","logo":{"@type":"ImageObject","inLanguage":"en-US","@id":"https:\/\/materieunite.it\/#\/schema\/logo\/image\/","url":"https:\/\/materieunite.it\/wp-content\/uploads\/2022\/11\/IG_bancone1-edited-scaled.jpg","contentUrl":"https:\/\/materieunite.it\/wp-content\/uploads\/2022\/11\/IG_bancone1-edited-scaled.jpg","width":2560,"height":1440,"caption":"materieunite"},"image":{"@id":"https:\/\/materieunite.it\/#\/schema\/logo\/image\/"},"sameAs":["https:\/\/www.facebook.com\/materieunite","https:\/\/www.instagram.com\/materie.unite\/","https:\/\/www.linkedin.com\/company\/materieunite\/","https:\/\/www.pinterest.it\/materieunite\/"]}]}},"_links":{"self":[{"href":"https:\/\/materieunite.it\/en\/wp-json\/wp\/v2\/pages\/6416","targetHints":{"allow":["GET"]}}],"collection":[{"href":"https:\/\/materieunite.it\/en\/wp-json\/wp\/v2\/pages"}],"about":[{"href":"https:\/\/materieunite.it\/en\/wp-json\/wp\/v2\/types\/page"}],"author":[{"embeddable":true,"href":"https:\/\/materieunite.it\/en\/wp-json\/wp\/v2\/users\/10"}],"replies":[{"embeddable":true,"href":"https:\/\/materieunite.it\/en\/wp-json\/wp\/v2\/comments?post=6416"}],"version-history":[{"count":3,"href":"https:\/\/materieunite.it\/en\/wp-json\/wp\/v2\/pages\/6416\/revisions"}],"predecessor-version":[{"id":6709,"href":"https:\/\/materieunite.it\/en\/wp-json\/wp\/v2\/pages\/6416\/revisions\/6709"}],"wp:featuredmedia":[{"embeddable":true,"href":"https:\/\/materieunite.it\/en\/wp-json\/wp\/v2\/media\/5372"}],"wp:attachment":[{"href":"https:\/\/materieunite.it\/en\/wp-json\/wp\/v2\/media?parent=6416"}],"curies":[{"name":"wp","href":"https:\/\/api.w.org\/{rel}","templated":true}]}}