{"id":4255,"date":"2021-10-19T07:54:58","date_gmt":"2021-10-19T07:54:58","guid":{"rendered":"https:\/\/materieunite.it\/faq\/"},"modified":"2023-03-13T10:39:06","modified_gmt":"2023-03-13T10:39:06","slug":"faq","status":"publish","type":"page","link":"https:\/\/materieunite.it\/de\/faq\/","title":{"rendered":"FAQ"},"content":{"rendered":"\n<p><strong>IST KARTON EIN ZERBRECHLICHES MATERIAL?<\/strong><\/p>\n\n<p>Nein, der von uns verwendete Karton ist <strong>hochwertiger<\/strong> als herk\u00f6mmliche Wellpappe. Er kann viele Jahre halten, besonders dann, wenn er veredelt und bearbeitet wird, um ihn noch widerstandsf\u00e4higer zu machen. <\/p>\n\n<p>&#8211;<\/p>\n\n<p><strong>GIBT ES EINEN FEUERFESTEN KARTON?<\/strong><\/p>\n\n<p>Es gibt bestimmte Sorten von Wabenpappe, die eine <strong>Feuerbest\u00e4ndigkeit der Klasse 1<\/strong> haben, d. h. diejenige, die im Messebereich erforderlich ist.<\/p>\n\n<p>&#8211;<\/p>\n\n<p><strong>WIE KANN KARTON WASSERDICHT GEMACHT WERDEN?<\/strong><\/p>\n\n<p>Wir kombinieren Karton mit anderen widerstandsf\u00e4higeren und wasserfesteren Materialien \u2013 jedoch immer nat\u00fcrlich und recycelbar \u2013 wie <strong>Linoleum<\/strong> (komplett nat\u00fcrlich, hergestellt aus Holzmehl, Lein\u00f6l, Harzen und Naturfasern) oder <strong>Greencast<\/strong> (ein recycelbares Plexiglas aus recycelten Acryl-Platten).<\/p>\n\n<p>&#8211;<\/p>\n\n<p><strong>IST ES M\u00d6GLICH, EINEN MESSESTAND ZU DEMONTIEREN UND WIEDER ZU MONTIEREN?<\/strong><\/p>\n\n<p>Nat\u00fcrlich, Sie m\u00fcssen darauf achten, w\u00e4hrend der Montage- und Demontagephasen keine zu hohe Kraft anzuwenden.<\/p>\n\n<p>&#8211;<\/p>\n\n<p><strong>VERWENDEN SIE BEIM DESIGN NUR KARTON ALS MATERIAL?<\/strong><\/p>\n\n<p>Nein, <strong>materieunite<\/strong> wurde als Designexperiment geboren, das auf den Grundprinzipien der Nachhaltigkeit basiert: <strong>Reduzieren, Wiederverwenden, Recyceln<\/strong>. Die Forschung auf dem Gebiet der Materialien wird immer vorangetrieben und folglich auch die Untersuchung der M\u00f6glichkeiten, die letztere f\u00fcr ein gutes Designprojekt bieten. <\/p>\n","protected":false},"excerpt":{"rendered":"<p>IST KARTON EIN ZERBRECHLICHES MATERIAL? Nein, der von uns verwendete Karton ist hochwertiger als herk\u00f6mmliche Wellpappe. Er kann viele Jahre halten, besonders dann, wenn er veredelt und bearbeitet wird, um ihn noch widerstandsf\u00e4higer zu machen. &#8211; GIBT ES EINEN FEUERFESTEN KARTON? Es gibt bestimmte Sorten von Wabenpappe, die eine Feuerbest\u00e4ndigkeit der Klasse 1 haben, d. [&hellip;]<\/p>\n","protected":false},"author":1,"featured_media":0,"parent":0,"menu_order":0,"comment_status":"closed","ping_status":"closed","template":"","meta":{"footnotes":""},"class_list":["post-4255","page","type-page","status-publish","hentry"],"yoast_head":"<!-- This site is optimized with the Yoast SEO plugin v20.11 - https:\/\/yoast.com\/wordpress\/plugins\/seo\/ -->\n<title>FAQ &bull; materieunite<\/title>\n<meta name=\"robots\" content=\"index, follow, max-snippet:-1, max-image-preview:large, max-video-preview:-1\" \/>\n<link rel=\"canonical\" href=\"https:\/\/materieunite.it\/faq\/\" \/>\n<meta property=\"og:locale\" content=\"de_DE\" \/>\n<meta property=\"og:type\" content=\"article\" \/>\n<meta property=\"og:title\" content=\"FAQ &bull; materieunite\" \/>\n<meta property=\"og:description\" content=\"IST KARTON EIN ZERBRECHLICHES MATERIAL? Nein, der von uns verwendete Karton ist hochwertiger als herk\u00f6mmliche Wellpappe. Er kann viele Jahre halten, besonders dann, wenn er veredelt und bearbeitet wird, um ihn noch widerstandsf\u00e4higer zu machen. &#8211; GIBT ES EINEN FEUERFESTEN KARTON? Es gibt bestimmte Sorten von Wabenpappe, die eine Feuerbest\u00e4ndigkeit der Klasse 1 haben, d. [&hellip;]\" \/>\n<meta property=\"og:url\" content=\"https:\/\/materieunite.it\/faq\/\" \/>\n<meta property=\"og:site_name\" content=\"materieunite\" \/>\n<meta property=\"article:publisher\" content=\"https:\/\/www.facebook.com\/materieunite\" \/>\n<meta property=\"article:modified_time\" content=\"2023-03-13T10:39:06+00:00\" \/>\n<meta name=\"twitter:card\" content=\"summary_large_image\" \/>\n<meta name=\"twitter:label1\" content=\"Gesch\u00e4tzte Lesezeit\" \/>\n\t<meta name=\"twitter:data1\" content=\"1\u00a0Minute\" \/>\n<script type=\"application\/ld+json\" class=\"yoast-schema-graph\">{\"@context\":\"https:\/\/schema.org\",\"@graph\":[{\"@type\":\"WebPage\",\"@id\":\"https:\/\/materieunite.it\/faq\/\",\"url\":\"https:\/\/materieunite.it\/faq\/\",\"name\":\"FAQ &bull; materieunite\",\"isPartOf\":{\"@id\":\"https:\/\/materieunite.it\/#website\"},\"datePublished\":\"2021-10-19T07:54:58+00:00\",\"dateModified\":\"2023-03-13T10:39:06+00:00\",\"breadcrumb\":{\"@id\":\"https:\/\/materieunite.it\/faq\/#breadcrumb\"},\"inLanguage\":\"de\",\"potentialAction\":[{\"@type\":\"ReadAction\",\"target\":[\"https:\/\/materieunite.it\/faq\/\"]}]},{\"@type\":\"BreadcrumbList\",\"@id\":\"https:\/\/materieunite.it\/faq\/#breadcrumb\",\"itemListElement\":[{\"@type\":\"ListItem\",\"position\":1,\"name\":\"Home\",\"item\":\"https:\/\/materieunite.it\/\"},{\"@type\":\"ListItem\",\"position\":2,\"name\":\"FAQ\"}]},{\"@type\":\"WebSite\",\"@id\":\"https:\/\/materieunite.it\/#website\",\"url\":\"https:\/\/materieunite.it\/\",\"name\":\"materieunite\",\"description\":\"\",\"publisher\":{\"@id\":\"https:\/\/materieunite.it\/#organization\"},\"alternateName\":\"materieunite\",\"potentialAction\":[{\"@type\":\"SearchAction\",\"target\":{\"@type\":\"EntryPoint\",\"urlTemplate\":\"https:\/\/materieunite.it\/?s={search_term_string}\"},\"query-input\":\"required name=search_term_string\"}],\"inLanguage\":\"de\"},{\"@type\":\"Organization\",\"@id\":\"https:\/\/materieunite.it\/#organization\",\"name\":\"materieunite\",\"url\":\"https:\/\/materieunite.it\/\",\"logo\":{\"@type\":\"ImageObject\",\"inLanguage\":\"de\",\"@id\":\"https:\/\/materieunite.it\/#\/schema\/logo\/image\/\",\"url\":\"https:\/\/materieunite.it\/wp-content\/uploads\/2022\/11\/IG_bancone1-edited-scaled.jpg\",\"contentUrl\":\"https:\/\/materieunite.it\/wp-content\/uploads\/2022\/11\/IG_bancone1-edited-scaled.jpg\",\"width\":2560,\"height\":1440,\"caption\":\"materieunite\"},\"image\":{\"@id\":\"https:\/\/materieunite.it\/#\/schema\/logo\/image\/\"},\"sameAs\":[\"https:\/\/www.facebook.com\/materieunite\",\"https:\/\/www.instagram.com\/materie.unite\/\",\"https:\/\/www.linkedin.com\/company\/materieunite\/\",\"https:\/\/www.pinterest.it\/materieunite\/\"]}]}<\/script>\n<!-- \/ Yoast SEO plugin. -->","yoast_head_json":{"title":"FAQ &bull; materieunite","robots":{"index":"index","follow":"follow","max-snippet":"max-snippet:-1","max-image-preview":"max-image-preview:large","max-video-preview":"max-video-preview:-1"},"canonical":"https:\/\/materieunite.it\/faq\/","og_locale":"de_DE","og_type":"article","og_title":"FAQ &bull; materieunite","og_description":"IST KARTON EIN ZERBRECHLICHES MATERIAL? Nein, der von uns verwendete Karton ist hochwertiger als herk\u00f6mmliche Wellpappe. Er kann viele Jahre halten, besonders dann, wenn er veredelt und bearbeitet wird, um ihn noch widerstandsf\u00e4higer zu machen. &#8211; GIBT ES EINEN FEUERFESTEN KARTON? Es gibt bestimmte Sorten von Wabenpappe, die eine Feuerbest\u00e4ndigkeit der Klasse 1 haben, d. [&hellip;]","og_url":"https:\/\/materieunite.it\/faq\/","og_site_name":"materieunite","article_publisher":"https:\/\/www.facebook.com\/materieunite","article_modified_time":"2023-03-13T10:39:06+00:00","twitter_card":"summary_large_image","twitter_misc":{"Gesch\u00e4tzte Lesezeit":"1\u00a0Minute"},"schema":{"@context":"https:\/\/schema.org","@graph":[{"@type":"WebPage","@id":"https:\/\/materieunite.it\/faq\/","url":"https:\/\/materieunite.it\/faq\/","name":"FAQ &bull; materieunite","isPartOf":{"@id":"https:\/\/materieunite.it\/#website"},"datePublished":"2021-10-19T07:54:58+00:00","dateModified":"2023-03-13T10:39:06+00:00","breadcrumb":{"@id":"https:\/\/materieunite.it\/faq\/#breadcrumb"},"inLanguage":"de","potentialAction":[{"@type":"ReadAction","target":["https:\/\/materieunite.it\/faq\/"]}]},{"@type":"BreadcrumbList","@id":"https:\/\/materieunite.it\/faq\/#breadcrumb","itemListElement":[{"@type":"ListItem","position":1,"name":"Home","item":"https:\/\/materieunite.it\/"},{"@type":"ListItem","position":2,"name":"FAQ"}]},{"@type":"WebSite","@id":"https:\/\/materieunite.it\/#website","url":"https:\/\/materieunite.it\/","name":"materieunite","description":"","publisher":{"@id":"https:\/\/materieunite.it\/#organization"},"alternateName":"materieunite","potentialAction":[{"@type":"SearchAction","target":{"@type":"EntryPoint","urlTemplate":"https:\/\/materieunite.it\/?s={search_term_string}"},"query-input":"required name=search_term_string"}],"inLanguage":"de"},{"@type":"Organization","@id":"https:\/\/materieunite.it\/#organization","name":"materieunite","url":"https:\/\/materieunite.it\/","logo":{"@type":"ImageObject","inLanguage":"de","@id":"https:\/\/materieunite.it\/#\/schema\/logo\/image\/","url":"https:\/\/materieunite.it\/wp-content\/uploads\/2022\/11\/IG_bancone1-edited-scaled.jpg","contentUrl":"https:\/\/materieunite.it\/wp-content\/uploads\/2022\/11\/IG_bancone1-edited-scaled.jpg","width":2560,"height":1440,"caption":"materieunite"},"image":{"@id":"https:\/\/materieunite.it\/#\/schema\/logo\/image\/"},"sameAs":["https:\/\/www.facebook.com\/materieunite","https:\/\/www.instagram.com\/materie.unite\/","https:\/\/www.linkedin.com\/company\/materieunite\/","https:\/\/www.pinterest.it\/materieunite\/"]}]}},"_links":{"self":[{"href":"https:\/\/materieunite.it\/de\/wp-json\/wp\/v2\/pages\/4255","targetHints":{"allow":["GET"]}}],"collection":[{"href":"https:\/\/materieunite.it\/de\/wp-json\/wp\/v2\/pages"}],"about":[{"href":"https:\/\/materieunite.it\/de\/wp-json\/wp\/v2\/types\/page"}],"author":[{"embeddable":true,"href":"https:\/\/materieunite.it\/de\/wp-json\/wp\/v2\/users\/1"}],"replies":[{"embeddable":true,"href":"https:\/\/materieunite.it\/de\/wp-json\/wp\/v2\/comments?post=4255"}],"version-history":[{"count":1,"href":"https:\/\/materieunite.it\/de\/wp-json\/wp\/v2\/pages\/4255\/revisions"}],"predecessor-version":[{"id":4256,"href":"https:\/\/materieunite.it\/de\/wp-json\/wp\/v2\/pages\/4255\/revisions\/4256"}],"wp:attachment":[{"href":"https:\/\/materieunite.it\/de\/wp-json\/wp\/v2\/media?parent=4255"}],"curies":[{"name":"wp","href":"https:\/\/api.w.org\/{rel}","templated":true}]}}